{"id":138,"date":"2013-05-29T18:53:22","date_gmt":"2013-05-29T18:53:22","guid":{"rendered":"http:\/\/www.villachristina.com\/?page_id=138"},"modified":"2014-05-27T22:25:50","modified_gmt":"2014-05-27T22:25:50","slug":"dessert-menu","status":"publish","type":"page","link":"http:\/\/162.241.140.166\/~villachristina\/dining\/dessert-menu\/","title":{"rendered":"Dessert Menu"},"content":{"rendered":"<h4>Dessert Selections<\/h4>\n<p>Ginger Pear Crepes<br \/>\n<em>Filled with Pear Cream <\/em><br \/>\n<em>Topped with Saut\u00e9ed Poached Pears<\/em><\/p>\n<p>Apricot Thyme Semifreddo<br \/>\n<em>Served in a Peach Compote<\/em><\/p>\n<p>Chocolate Almond Torte<br \/>\n<em>Stacked Layers of Milk Chocolate Mousse<\/em><br \/>\n<em>Passion Fruit and Almond Chocolate Brownie<\/em><\/p>\n<p>Orange Blossom Cr\u00e8me Br\u00fbl\u00e9e<br \/>\n<em>Served with Seasonal Berries<\/em><\/p>\n<p>Apple Tart Tatin<br \/>\n<em>Served with Vanilla Bean Ice Cream<\/em><\/p>\n<p>Sorbet of the Day<br \/>\n<em>Our House Made Sorbets on Top of Baked Meringue<\/em><\/p>\n<p>Each Dessert $7.00<\/p>\n<p>Sinfully Chocolate<br \/>\n<em>A Trio of Chocolate Ice Cream <\/em><br \/>\n<em>Chocolate Cr\u00e8me Brulee <\/em><br \/>\n<em>And Warm Lava Cake<\/em><br \/>\n$10.00<\/p>\n<h4>Executive Pastry Chef Amanda Parker<\/h4>\n<p>08\/2013<\/p>\n","protected":false},"excerpt":{"rendered":"<p>Dessert Selections Ginger Pear Crepes Filled with Pear Cream Topped with Saut\u00e9ed Poached Pears Apricot Thyme Semifreddo Served in a Peach Compote Chocolate Almond Torte Stacked Layers of Milk Chocolate Mousse Passion Fruit and Almond Chocolate Brownie Orange Blossom Cr\u00e8me Br\u00fbl\u00e9e Served with Seasonal Berries Apple Tart Tatin Served with Vanilla Bean Ice Cream Sorbet [&hellip;]<\/p>\n","protected":false},"author":3,"featured_media":534,"parent":13,"menu_order":3,"comment_status":"closed","ping_status":"closed","template":"","meta":{"footnotes":""},"class_list":["post-138","page","type-page","status-publish","has-post-thumbnail","hentry"],"_links":{"self":[{"href":"http:\/\/162.241.140.166\/~villachristina\/wp-json\/wp\/v2\/pages\/138","targetHints":{"allow":["GET"]}}],"collection":[{"href":"http:\/\/162.241.140.166\/~villachristina\/wp-json\/wp\/v2\/pages"}],"about":[{"href":"http:\/\/162.241.140.166\/~villachristina\/wp-json\/wp\/v2\/types\/page"}],"author":[{"embeddable":true,"href":"http:\/\/162.241.140.166\/~villachristina\/wp-json\/wp\/v2\/users\/3"}],"replies":[{"embeddable":true,"href":"http:\/\/162.241.140.166\/~villachristina\/wp-json\/wp\/v2\/comments?post=138"}],"version-history":[{"count":5,"href":"http:\/\/162.241.140.166\/~villachristina\/wp-json\/wp\/v2\/pages\/138\/revisions"}],"predecessor-version":[{"id":1012,"href":"http:\/\/162.241.140.166\/~villachristina\/wp-json\/wp\/v2\/pages\/138\/revisions\/1012"}],"up":[{"embeddable":true,"href":"http:\/\/162.241.140.166\/~villachristina\/wp-json\/wp\/v2\/pages\/13"}],"wp:featuredmedia":[{"embeddable":true,"href":"http:\/\/162.241.140.166\/~villachristina\/wp-json\/wp\/v2\/media\/534"}],"wp:attachment":[{"href":"http:\/\/162.241.140.166\/~villachristina\/wp-json\/wp\/v2\/media?parent=138"}],"curies":[{"name":"wp","href":"https:\/\/api.w.org\/{rel}","templated":true}]}}